{"id":3358,"date":"2018-04-12T00:33:38","date_gmt":"2018-04-11T22:33:38","guid":{"rendered":"http:\/\/montaketak.com\/?page_id=3358"},"modified":"2018-04-12T00:33:38","modified_gmt":"2018-04-11T22:33:38","slug":"montaketak","status":"publish","type":"page","link":"http:\/\/montaketak.com\/eu\/montaketak\/","title":{"rendered":"Montaketak"},"content":{"rendered":"<div class=\"wpb-content-wrapper\"><p>[vc_row full_width=&#8221;stretch_row&#8221; bg_type=&#8221;image&#8221; parallax_style=&#8221;vcpb-default&#8221; bg_image_new=&#8221;id^3183|url^http:\/\/montaketak.com\/wp-content\/uploads\/2018\/03\/cabecera-mk-1.jpg|caption^null|alt^null|title^cabecera mk|description^null&#8221; bg_image_repeat=&#8221;no-repeat&#8221; bg_image_posiiton=&#8221;top&#8221; bg_override=&#8221;ex-full&#8221; type=&#8221;vc_default&#8221; min_height=&#8221;400px&#8221; css=&#8221;.vc_custom_1520850522198{margin-top: -70px !important;padding-top: 110px !important;padding-bottom: 0px !important;}&#8221;][vc_column][vc_column_text]<\/p>\n<h1 class=\"h2-size\" style=\"text-align: center;\"><span class=\"sombreado\" style=\"color: #ffffff;\">Montaketak<\/span><\/h1>\n<p>[\/vc_column_text][vc_empty_space height=&#8221;110px&#8221;][\/vc_column][\/vc_row][vc_row][vc_column][vc_empty_space height=&#8221;40px&#8221;][\/vc_column][\/vc_row][vc_row][vc_column][vc_empty_space height=&#8221;20px&#8221;][vc_row_inner][vc_column_inner width=&#8221;1\/2&#8243;]<div class=\"standard-arrow bullet-top\"><ul>\n<li>Gure filosofia <strong>proiektu bakoitzari balio erantsia ematea da<\/strong>, estruktura konponbideak eta kalitate osoko zerbitzua ezkainiz. Gure jakintza eta esperientzia, erabateko segurtasunarekin eta seriotasunarekin batera, geure helburua lortzeko gakoa da.<\/li>\n<li>Muntaketak, ekitaldietarako eta empresetarako euskarri zerbitzu osoagatik jokatzen duen konpainia da:\n<ul>\n<li><strong> Ekitaldietarako ekipamenduaren alokairu zerbitzua:<\/strong> Eszenarioak, Harmailak, Karpak, Dorreak, Egingarriak, Plataformak, Oholtzak, Arkuak, Sarbideak, Hesiak, Altzariak\u2026<\/li>\n<li><strong>Logistika zerbitzua:<\/strong> Biltegiratzea, Egituretako Montaketa eta Desmontaketa, Material lekualdaketa, Euskarri Pertsonala, Ziurtagiriak, Txostenak eta Bisak\u2026<\/li>\n<\/ul>\n<\/li>\n<\/ul>\n<\/div>[\/vc_column_inner][vc_column_inner width=&#8221;1\/2&#8243;]<div class=\"standard-arrow bullet-top\"><ul>\n<li>12.000 m\u00b2-ko estalitako nabea, ekitaldietarako berezko materiala daukagu. Kontratazio prozesu (barnekoa zein kanporakoa) zorrotza jarraitzen dugu.<\/li>\n<\/ul>\n<\/div>[vc_empty_space height=&#8221;28px&#8221;]<div class=\"standard-arrow bullet-top\"><ul>\n<li><strong>Edozein sektorean edota lekutan<\/strong>\u00a0lan egiten dugu, bezeroak behar gaituen lekutan: Sektore industrialean, Jaialdi eta Kontzertuetan, Kultural ekitaldietan, Festetan, Kirol Ekitaldietan, Korporatiboan, Enpresetarako konponbideetan\u2026<\/li>\n<\/ul>\n<\/div>[vc_empty_space height=&#8221;28px&#8221;]<div class=\"standard-arrow bullet-top\"><ul>\n<li><strong>24 orduko zerbitzua<\/strong>\u00a0daukagu, proyektu bakoitzaren beharretara egokitzeko<\/li>\n<\/ul>\n<\/div>[\/vc_column_inner][\/vc_row_inner][\/vc_column][\/vc_row][vc_row disable_element=&#8221;yes&#8221; type=&#8221;vc_default&#8221;][vc_column width=&#8221;1\/3&#8243;][vc_single_image image=&#8221;723&#8243; alignment=&#8221;center&#8221;][vc_empty_space][vc_column_text]<\/p>\n<p style=\"text-align: center;\"><b>Asegurar que cada evento<br \/>\nque emprendemos sea memorable.<\/b><\/p>\n<p>[\/vc_column_text][\/vc_column][vc_column width=&#8221;1\/3&#8243;][vc_single_image image=&#8221;725&#8243; alignment=&#8221;center&#8221;][vc_empty_space][vc_column_text]<\/p>\n<p style=\"text-align: center;\"><b>Proporcionar un servicio de <\/b><\/p>\n<p style=\"text-align: center;\"><b>calidad a todos los proyectos.<\/b><\/p>\n<p>[\/vc_column_text][\/vc_column][vc_column width=&#8221;1\/3&#8243;][vc_single_image image=&#8221;724&#8243; alignment=&#8221;center&#8221;][vc_empty_space][vc_column_text]<\/p>\n<p style=\"text-align: center;\"><b>Ofrecer una excelente <\/b><\/p>\n<p style=\"text-align: center;\"><b>relaci\u00f3n calidad-precio<\/b>.<\/p>\n<p>[\/vc_column_text][\/vc_column][\/vc_row][vc_row disable_element=&#8221;yes&#8221; type=&#8221;vc_default&#8221;][vc_column][vc_column_text]Montaketak proporciona<strong>\u00a0soluciones estructurales para eventos y empresas<\/strong>.<\/p>\n<p>&nbsp;<\/p>\n<p style=\"text-align: center;\"><strong>Ofrecer productos innovadores no es suficiente, nos apasiona nuestro negocio y nos esforzamos para:<\/strong><\/p>\n<p>[\/vc_column_text][vc_empty_space][vc_column_text]Estas virtudes han atra\u00eddo a una serie de prestigiosos clientes en el mundo del evento en vivo, incluyendo <strong>empresas importantes, agencias de marketing, administraci\u00f3n p\u00fablica, empresas de producci\u00f3n y comisiones organizadoras.<\/strong>[\/vc_column_text][\/vc_column][\/vc_row][vc_row][vc_column][vc_column_text]<\/p>\n<p>[\/vc_column_text][\/vc_column][\/vc_row]<\/p>\n<\/div>","protected":false},"excerpt":{"rendered":"<p>[vc_row full_width=&#8221;stretch_row&#8221; bg_type=&#8221;image&#8221; parallax_style=&#8221;vcpb-default&#8221; bg_image_new=&#8221;id^3183|url^http:\/\/montaketak.com\/wp-content\/uploads\/2018\/03\/cabecera-mk-1.jpg|caption^null|alt^null|title^cabecera mk|description^null&#8221; bg_image_repeat=&#8221;no-repeat&#8221; bg_image_posiiton=&#8221;top&#8221; bg_override=&#8221;ex-full&#8221; type=&#8221;vc_default&#8221; min_height=&#8221;400px&#8221; css=&#8221;.vc_custom_1520850522198{margin-top: -70px !important;padding-top: 110px !important;padding-bottom: 0px !important;}&#8221;][vc_column][vc_column_text] Montaketak [\/vc_column_text][vc_empty_space height=&#8221;110px&#8221;][\/vc_column][\/vc_row][vc_row][vc_column][vc_empty_space height=&#8221;40px&#8221;][\/vc_column][\/vc_row][vc_row][vc_column][vc_empty_space height=&#8221;20px&#8221;][vc_row_inner][vc_column_inner width=&#8221;1\/2&#8243;][\/vc_column_inner][vc_column_inner width=&#8221;1\/2&#8243;][vc_empty_space height=&#8221;28px&#8221;][vc_empty_space height=&#8221;28px&#8221;][\/vc_column_inner][\/vc_row_inner][\/vc_column][\/vc_row][vc_row disable_element=&#8221;yes&#8221; type=&#8221;vc_default&#8221;][vc_column width=&#8221;1\/3&#8243;][vc_single_image image=&#8221;723&#8243; alignment=&#8221;center&#8221;][vc_empty_space][vc_column_text] Asegurar que cada evento que emprendemos sea memorable. [\/vc_column_text][\/vc_column][vc_column width=&#8221;1\/3&#8243;][vc_single_image image=&#8221;725&#8243; alignment=&#8221;center&#8221;][vc_empty_space][vc_column_text] Proporcionar un servicio de calidad a todos los proyectos. [\/vc_column_text][\/vc_column][vc_column width=&#8221;1\/3&#8243;][vc_single_image&hellip;<\/p>\n","protected":false},"author":1,"featured_media":0,"parent":0,"menu_order":0,"comment_status":"closed","ping_status":"closed","template":"","meta":[],"class_list":["post-3358","page","type-page","status-publish","hentry","description-off"],"yoast_head":"<!-- This site is optimized with the Yoast SEO plugin v26.2 - https:\/\/yoast.com\/wordpress\/plugins\/seo\/ -->\n<title>Montaketak - Montaketak. Estructuras para eventos<\/title>\n<meta name=\"robots\" content=\"index, follow, max-snippet:-1, max-image-preview:large, max-video-preview:-1\" \/>\n<link rel=\"canonical\" href=\"http:\/\/montaketak.com\/eu\/montaketak\/\" \/>\n<meta property=\"og:locale\" content=\"en_US\" \/>\n<meta property=\"og:type\" content=\"article\" \/>\n<meta property=\"og:title\" content=\"Montaketak - Montaketak. Estructuras para eventos\" \/>\n<meta property=\"og:description\" content=\"[vc_row full_width=&#8221;stretch_row&#8221; bg_type=&#8221;image&#8221; parallax_style=&#8221;vcpb-default&#8221; bg_image_new=&#8221;id^3183|url^http:\/\/montaketak.com\/wp-content\/uploads\/2018\/03\/cabecera-mk-1.jpg|caption^null|alt^null|title^cabecera mk|description^null&#8221; bg_image_repeat=&#8221;no-repeat&#8221; bg_image_posiiton=&#8221;top&#8221; bg_override=&#8221;ex-full&#8221; type=&#8221;vc_default&#8221; min_height=&#8221;400px&#8221; css=&#8221;.vc_custom_1520850522198{margin-top: -70px !important;padding-top: 110px !important;padding-bottom: 0px !important;}&#8221;][vc_column][vc_column_text] Montaketak [\/vc_column_text][vc_empty_space height=&#8221;110px&#8221;][\/vc_column][\/vc_row][vc_row][vc_column][vc_empty_space height=&#8221;40px&#8221;][\/vc_column][\/vc_row][vc_row][vc_column][vc_empty_space height=&#8221;20px&#8221;][vc_row_inner][vc_column_inner width=&#8221;1\/2&#8243;][\/vc_column_inner][vc_column_inner width=&#8221;1\/2&#8243;][vc_empty_space height=&#8221;28px&#8221;][vc_empty_space height=&#8221;28px&#8221;][\/vc_column_inner][\/vc_row_inner][\/vc_column][\/vc_row][vc_row disable_element=&#8221;yes&#8221; type=&#8221;vc_default&#8221;][vc_column width=&#8221;1\/3&#8243;][vc_single_image image=&#8221;723&#8243; alignment=&#8221;center&#8221;][vc_empty_space][vc_column_text] Asegurar que cada evento que emprendemos sea memorable. [\/vc_column_text][\/vc_column][vc_column width=&#8221;1\/3&#8243;][vc_single_image image=&#8221;725&#8243; alignment=&#8221;center&#8221;][vc_empty_space][vc_column_text] Proporcionar un servicio de calidad a todos los proyectos. [\/vc_column_text][\/vc_column][vc_column width=&#8221;1\/3&#8243;][vc_single_image&hellip;\" \/>\n<meta property=\"og:url\" content=\"http:\/\/montaketak.com\/eu\/montaketak\/\" \/>\n<meta property=\"og:site_name\" content=\"Montaketak. Estructuras para eventos\" \/>\n<meta name=\"twitter:label1\" content=\"Est. reading time\" \/>\n\t<meta name=\"twitter:data1\" content=\"2 minutua\" \/>\n<script type=\"application\/ld+json\" class=\"yoast-schema-graph\">{\"@context\":\"https:\/\/schema.org\",\"@graph\":[{\"@type\":\"WebPage\",\"@id\":\"http:\/\/montaketak.com\/eu\/montaketak\/\",\"url\":\"http:\/\/montaketak.com\/eu\/montaketak\/\",\"name\":\"Montaketak - Montaketak. Estructuras para eventos\",\"isPartOf\":{\"@id\":\"https:\/\/montaketak.com\/#website\"},\"datePublished\":\"2018-04-11T22:33:38+00:00\",\"breadcrumb\":{\"@id\":\"http:\/\/montaketak.com\/eu\/montaketak\/#breadcrumb\"},\"inLanguage\":\"eu\",\"potentialAction\":[{\"@type\":\"ReadAction\",\"target\":[\"http:\/\/montaketak.com\/eu\/montaketak\/\"]}]},{\"@type\":\"BreadcrumbList\",\"@id\":\"http:\/\/montaketak.com\/eu\/montaketak\/#breadcrumb\",\"itemListElement\":[{\"@type\":\"ListItem\",\"position\":1,\"name\":\"Portada\",\"item\":\"http:\/\/montaketak.com\/eu\/\"},{\"@type\":\"ListItem\",\"position\":2,\"name\":\"Montaketak\"}]},{\"@type\":\"WebSite\",\"@id\":\"https:\/\/montaketak.com\/#website\",\"url\":\"https:\/\/montaketak.com\/\",\"name\":\"Montaketak\",\"description\":\"Escenarios, Carpas o Vallas\",\"alternateName\":\"Estructuras para eventos en Bizkaia\",\"potentialAction\":[{\"@type\":\"SearchAction\",\"target\":{\"@type\":\"EntryPoint\",\"urlTemplate\":\"https:\/\/montaketak.com\/?s={search_term_string}\"},\"query-input\":{\"@type\":\"PropertyValueSpecification\",\"valueRequired\":true,\"valueName\":\"search_term_string\"}}],\"inLanguage\":\"eu\"}]}<\/script>\n<!-- \/ Yoast SEO plugin. -->","yoast_head_json":{"title":"Montaketak - Montaketak. Estructuras para eventos","robots":{"index":"index","follow":"follow","max-snippet":"max-snippet:-1","max-image-preview":"max-image-preview:large","max-video-preview":"max-video-preview:-1"},"canonical":"http:\/\/montaketak.com\/eu\/montaketak\/","og_locale":"en_US","og_type":"article","og_title":"Montaketak - Montaketak. Estructuras para eventos","og_description":"[vc_row full_width=&#8221;stretch_row&#8221; bg_type=&#8221;image&#8221; parallax_style=&#8221;vcpb-default&#8221; bg_image_new=&#8221;id^3183|url^http:\/\/montaketak.com\/wp-content\/uploads\/2018\/03\/cabecera-mk-1.jpg|caption^null|alt^null|title^cabecera mk|description^null&#8221; bg_image_repeat=&#8221;no-repeat&#8221; bg_image_posiiton=&#8221;top&#8221; bg_override=&#8221;ex-full&#8221; type=&#8221;vc_default&#8221; min_height=&#8221;400px&#8221; css=&#8221;.vc_custom_1520850522198{margin-top: -70px !important;padding-top: 110px !important;padding-bottom: 0px !important;}&#8221;][vc_column][vc_column_text] Montaketak [\/vc_column_text][vc_empty_space height=&#8221;110px&#8221;][\/vc_column][\/vc_row][vc_row][vc_column][vc_empty_space height=&#8221;40px&#8221;][\/vc_column][\/vc_row][vc_row][vc_column][vc_empty_space height=&#8221;20px&#8221;][vc_row_inner][vc_column_inner width=&#8221;1\/2&#8243;][\/vc_column_inner][vc_column_inner width=&#8221;1\/2&#8243;][vc_empty_space height=&#8221;28px&#8221;][vc_empty_space height=&#8221;28px&#8221;][\/vc_column_inner][\/vc_row_inner][\/vc_column][\/vc_row][vc_row disable_element=&#8221;yes&#8221; type=&#8221;vc_default&#8221;][vc_column width=&#8221;1\/3&#8243;][vc_single_image image=&#8221;723&#8243; alignment=&#8221;center&#8221;][vc_empty_space][vc_column_text] Asegurar que cada evento que emprendemos sea memorable. [\/vc_column_text][\/vc_column][vc_column width=&#8221;1\/3&#8243;][vc_single_image image=&#8221;725&#8243; alignment=&#8221;center&#8221;][vc_empty_space][vc_column_text] Proporcionar un servicio de calidad a todos los proyectos. [\/vc_column_text][\/vc_column][vc_column width=&#8221;1\/3&#8243;][vc_single_image&hellip;","og_url":"http:\/\/montaketak.com\/eu\/montaketak\/","og_site_name":"Montaketak. Estructuras para eventos","twitter_misc":{"Est. reading time":"2 minutua"},"schema":{"@context":"https:\/\/schema.org","@graph":[{"@type":"WebPage","@id":"http:\/\/montaketak.com\/eu\/montaketak\/","url":"http:\/\/montaketak.com\/eu\/montaketak\/","name":"Montaketak - Montaketak. Estructuras para eventos","isPartOf":{"@id":"https:\/\/montaketak.com\/#website"},"datePublished":"2018-04-11T22:33:38+00:00","breadcrumb":{"@id":"http:\/\/montaketak.com\/eu\/montaketak\/#breadcrumb"},"inLanguage":"eu","potentialAction":[{"@type":"ReadAction","target":["http:\/\/montaketak.com\/eu\/montaketak\/"]}]},{"@type":"BreadcrumbList","@id":"http:\/\/montaketak.com\/eu\/montaketak\/#breadcrumb","itemListElement":[{"@type":"ListItem","position":1,"name":"Portada","item":"http:\/\/montaketak.com\/eu\/"},{"@type":"ListItem","position":2,"name":"Montaketak"}]},{"@type":"WebSite","@id":"https:\/\/montaketak.com\/#website","url":"https:\/\/montaketak.com\/","name":"Montaketak","description":"Escenarios, Carpas o Vallas","alternateName":"Estructuras para eventos en Bizkaia","potentialAction":[{"@type":"SearchAction","target":{"@type":"EntryPoint","urlTemplate":"https:\/\/montaketak.com\/?s={search_term_string}"},"query-input":{"@type":"PropertyValueSpecification","valueRequired":true,"valueName":"search_term_string"}}],"inLanguage":"eu"}]}},"_links":{"self":[{"href":"http:\/\/montaketak.com\/eu\/wp-json\/wp\/v2\/pages\/3358","targetHints":{"allow":["GET"]}}],"collection":[{"href":"http:\/\/montaketak.com\/eu\/wp-json\/wp\/v2\/pages"}],"about":[{"href":"http:\/\/montaketak.com\/eu\/wp-json\/wp\/v2\/types\/page"}],"author":[{"embeddable":true,"href":"http:\/\/montaketak.com\/eu\/wp-json\/wp\/v2\/users\/1"}],"replies":[{"embeddable":true,"href":"http:\/\/montaketak.com\/eu\/wp-json\/wp\/v2\/comments?post=3358"}],"version-history":[{"count":5,"href":"http:\/\/montaketak.com\/eu\/wp-json\/wp\/v2\/pages\/3358\/revisions"}],"predecessor-version":[{"id":3365,"href":"http:\/\/montaketak.com\/eu\/wp-json\/wp\/v2\/pages\/3358\/revisions\/3365"}],"wp:attachment":[{"href":"http:\/\/montaketak.com\/eu\/wp-json\/wp\/v2\/media?parent=3358"}],"curies":[{"name":"wp","href":"https:\/\/api.w.org\/{rel}","templated":true}]}}